{"id":136,"date":"2009-11-19T19:01:49","date_gmt":"2009-11-19T17:01:49","guid":{"rendered":"http:\/\/www.sfera3.it\/test\/?page_id=136"},"modified":"2013-04-08T15:37:30","modified_gmt":"2013-04-08T13:37:30","slug":"in-evidenza","status":"publish","type":"page","link":"https:\/\/www.sfera3.it\/?page_id=136","title":{"rendered":"In evidenza"},"content":{"rendered":"<div class=\"span-24 last middle-box\">\n<div class=\"prepend-8 span-15 content\">\n<h1>Dicono di noi&#8230;<\/h1>\n<div style=\"LINE-HEIGHT: 1.2; FONT-FAMILY: verdana; FONT-SIZE: 11pt; FONT-WEIGHT: bold\">\n<p><span style=\"font-family: Georgia, 'Times New Roman', 'Bitstream Charter', Times, serif; font-size: 13px; line-height: 19px;\">La linea rosa di Sfera3<\/span><\/div>\n<p>di\u00a0<em>valentina monarco<\/em><\/p>\n<p>La societ\u00e0 \u00e8\u00a8 composta interamente da donne e opera nel settore della consulenza<\/p>\n<p>Quindicesimo appuntamento, nell&#8217;ambito della rubrica settimanale &#8220;Competitivit\u00e0\u00a0 Territoriale&#8221; realizzata in collaborazione con Citt\u00e0\u00a0 della Scienza. Ogni settimana, Il Denaro presenta un approfondimento, con la storia di una delle aziende incubate nel Bic di Coroglio. Questa settimana tocca a Sfera3 Srl, societ\u00e0\u00a0 che offre servizi di consulenza organizzativa per imprese e pubblica amministrazione. Sfera3 ha &#8220;comprato e venduto&#8221; servizi all&#8217;interno dell&#8217;Incubatore Internazionale di Citt\u00e0\u00a0 della Scienza, \u00e8 associata al consorzio Area Tech <acronym>Coroglio<\/acronym>, partecipa al progetto di ricerca e sviluppo <acronym>Coroglio<\/acronym> Lab e vanta partnership con Campania Start-up e l&#8217;Associazione nazionale della Comunicazione Pubblica Istituzionale, che ha sede a Milano. Se a questo si aggiunge che l&#8217;impresa \u00e8 tutta al femminile, dai soci fondatori ai collaboratori, l&#8217;originalit\u00e0 del biglietto da visita \u00e8 evidente.<br \/>\nMariella Leonardo, ingegnere con master in qualit\u00e0 totale e processi gestionali<br \/>\nQual \u00e8 il vostro core business?<br \/>\nSfera3 \u00e8 nata per supportare aziende pubbliche e private, enti, pubblica amministrazione, nel raggiungimento del customer satisfaction. Progettiamo software gestionali, ingegnerizziamo processi organizzativi interni, assistiamo inoltre la pubblica amministrazione nei processi di innovazione e interfaccia con i cittadini, come la creazione di sportelli e la comunicazione pubblica.<br \/>\nCome nasce l&#8217;azienda?<br \/>\nSfera3 nasce dalla trasformazione di servizi tipicamente professionali, in servizi pi\u00f9 articolati e complessi offerti per implementare innovazioni tecnologiche, normative, formative e di servizio al cliente.<br \/>\nPerc\u00e8 questo settore?<br \/>\nLa combinazione di servizi e mercati \u00e8 stato lo sbocco naturale dell&#8217;utilizzo delle competenze maturate dai soci. I servizi offerti ad amministrazione e imprese sono il risultato dell&#8217;evoluzione e dell&#8217;ampliamento delle necessit\u00e0 dei clienti: formazione, sicurezza, certificazione, ambiente, qualit\u00e0\u00a0 dei servizi, customer satisfaction.<br \/>\nQuali innovazioni avete sviluppato?<br \/>\nNegli ultimi due anni \u00e8 stata ampliata la gamma dei servizi e delle specializzazioni ed \u00e8 in fase di ultimazione uno strumento per la verifica a distanza dei servizi al cliente.<br \/>\nQuanto contano ricerca e sviluppo?<br \/>\nGli strumenti di comunicazione a distanza per la verifica dei servizi vengono sperimentati, grazie ad un progetto in partnership con altre imprese, finanziato dal Por Regione Campania.<br \/>\nExport e mercati internazionali, quali difficolt\u00e0?<br \/>\nLa nostra impresa ha partecipato ad Energy Med 2009 e in quell&#8217;occasione si sono stabiliti contatti, per accordi commerciali, con imprese spagnole e turche. Alcuni servizi offerti dalla nostra societ\u00e0\u00a0 non sono esportabili a causa delle normative.<br \/>\ndel 18-07-2009 num. 139 &#8211; pag. <strong>18<\/strong><\/div>\n<\/div>\n","protected":false},"excerpt":{"rendered":"<p>Dicono di noi&#8230; La linea rosa di Sfera3 di\u00a0valentina monarco La societ\u00e0 \u00e8\u00a8 composta interamente da donne e opera nel settore della consulenza Quindicesimo appuntamento, nell&#8217;ambito della rubrica settimanale &#8220;Competitivit\u00e0\u00a0 Territoriale&#8221; realizzata in collaborazione con Citt\u00e0\u00a0 della Scienza. Ogni settimana, Il Denaro presenta un approfondimento, con la storia di una delle aziende incubate nel Bic [&hellip;]<\/p>\n","protected":false},"author":1,"featured_media":0,"parent":0,"menu_order":0,"comment_status":"open","ping_status":"closed","template":"","meta":{"footnotes":""},"class_list":["post-136","page","type-page","status-publish","hentry"],"_links":{"self":[{"href":"https:\/\/www.sfera3.it\/index.php?rest_route=\/wp\/v2\/pages\/136","targetHints":{"allow":["GET"]}}],"collection":[{"href":"https:\/\/www.sfera3.it\/index.php?rest_route=\/wp\/v2\/pages"}],"about":[{"href":"https:\/\/www.sfera3.it\/index.php?rest_route=\/wp\/v2\/types\/page"}],"author":[{"embeddable":true,"href":"https:\/\/www.sfera3.it\/index.php?rest_route=\/wp\/v2\/users\/1"}],"replies":[{"embeddable":true,"href":"https:\/\/www.sfera3.it\/index.php?rest_route=%2Fwp%2Fv2%2Fcomments&post=136"}],"version-history":[{"count":20,"href":"https:\/\/www.sfera3.it\/index.php?rest_route=\/wp\/v2\/pages\/136\/revisions"}],"predecessor-version":[{"id":432,"href":"https:\/\/www.sfera3.it\/index.php?rest_route=\/wp\/v2\/pages\/136\/revisions\/432"}],"wp:attachment":[{"href":"https:\/\/www.sfera3.it\/index.php?rest_route=%2Fwp%2Fv2%2Fmedia&parent=136"}],"curies":[{"name":"wp","href":"https:\/\/api.w.org\/{rel}","templated":true}]}}