{"id":2,"date":"2009-10-05T10:55:29","date_gmt":"2009-10-05T08:55:29","guid":{"rendered":"http:\/\/localhost\/wordpress\/?page_id=2"},"modified":"2013-04-08T15:42:23","modified_gmt":"2013-04-08T13:42:23","slug":"azienda","status":"publish","type":"page","link":"https:\/\/www.sfera3.it\/?page_id=2","title":{"rendered":"Azienda"},"content":{"rendered":"<div id=\"profilo\" class=\"box-content-wrap\">\n<div class=\"box-content\">\n<div class=\"span-15 content\">\n<h1>Profilo<\/h1>\n<p>Sfera3 s.r.l. \u00e8 una societ\u00e0 di consulenza organizzativa e formazione manageriale.<br \/>\nFornisce soluzioni di innovazione tecnologica, razionalizzazione delle risorse ed adeguamento normativo, qualit\u00e0 dei servizi e della produzione, sicurezza del lavoro, apprendimento e valutazione delle prestazioni dirigenziali, customer satisfaction e comunicazione.<br \/>\nSi rivolge ad Imprese, Enti e Pubbliche Amministrazioni.<\/p><\/div>\n<\/div>\n<\/div>\n<div id=\"soci\" class=\"box-content-wrap ui-tabs-hide\">\n<div class=\"box-content\">\n<div class=\"span-15 content\">\n<h1>Soci<\/h1>\n<div>\n<div>\n<h2><span style=\"font-size: 1.5em; font-weight: normal;\">Mariella Leonardo<\/span><\/h2>\n<\/div>\n<div>\n<p>E\u2019 partner ed amministratrice di Sfera3, responsabile dei settori Qualit\u00e0, Ambiente, Sicurezza sul lavoro e Business Process Reingeneering.<br \/>\nLaureata in ingegneria, master in Gestione Aziendale, da circa 15 anni svolge attivit\u00e0 di formatrice e consulente.<br \/>\nCome formatore si occupa di progettazione, organizzazione ed erogazione di corsi sulla sicurezza sul lavoro, sullo sviluppo di sistemi di gestione e sulla valutazione del personale.<br \/>\nCome consulente, cura progetti per lo sviluppo di sistemi di gestione aziendale, di valutazione dei rischi per la sicurezza e salute sui luoghi di lavoro e di riorganizzazione dei processi operativi.<br \/>\n\u00c8 Responsabile del Servizio Prevenzione e Protezione presso aziende del settore edile\/impiantistico, manifatturiero e dei servizi.<br \/>\nDal 2007 docente incaricato all\u2019Universit\u00e0 Federico II di Napoli, per il corso di Valutazione delle tecnologie sanitarie.<br \/>\nDal 2001 componente del Nucleo di Valutazione dell\u2019Azienda Ospedaliera \u201cV. Monadi\u201d di Napoli.<br \/>\nDal 2005 componente del Nucleo di Valutazione della ASL Napoli 3 Sud (ex Napoli 4).<br \/>\nHa partecipato alla stesura di alcuni testi e pubblicazioni sulla valutazione dei processi in sanit\u00e0 e sulla valutazione dei dirigenti.<\/p><\/div>\n<\/div>\n<\/div>\n<\/div>\n<\/div>\n<div id=\"associazioni\" class=\"box-content-wrap ui-tabs-hide\">\n<div class=\"box-content\">\n<div class=\"span-15 content\">\n<h1>Associazioni<\/h1>\n<h2>Sfera3 e i suoi partner sono attivi nelle seguenti associazioni:<\/h2>\n<ul>\n<li>Associazione Ingegneri della Provincia di Napoli<\/li>\n<li>Campania Start-up, associazione a supporto dello sviluppo regionale della Campania e la promozione di realt\u00e0 imprenditoriali innovative e di eccellenza in partnership con Universit\u00e0, Centri di ricerca e Banche.<\/li>\n<\/ul>\n<\/div>\n<\/div>\n<\/div>\n<div id=\"network\" class=\"box-content-wrap ui-tabs-hide\">\n<div class=\"box-content\">\n<div class=\"span-15 content\">\n<h1>Network<\/h1>\n<ul>\n<li><a style=\"font-weight: bold;\" target=\"_blank\">Coroglio Lab<\/a><br \/>\nComposta da 12 imprese, in collaborazione con il Consorzio Interuniversitario Nazionale per l\u2019Informatica (CINI) e con il Dipartimento di Informatica e Sistemistica (DIS) della Facolt\u00e0 di Ingegneria dell\u2019Universit\u00e0 degli Studi di Napoli Federico II; ha la finalit\u00e0 di sviluppare il progetto <strong>Net-Uno<\/strong> per ricerca applicata, realizzazione prototipi e soluzioni tecnologiche per la qualificazione dell\u2019offerta turistica delle aree portuali e delle zone limitrofe, attraverso l\u2019acquisizione di sistemi informativi di gestione, promozione ed ambientali per potenziare le capacit\u00e0 competitive dei territori e dei porti.<\/p>\n<p><strong>Sfera3<\/strong> per il progetto Net-uno sviluppa informazioni di settore, monitoraggio dei servizi e indagini di customer satisfaction web based.<\/li>\n<li><a style=\"font-weight: bold;\" href=\"http:\/\/www.atcoroglio.it\" target=\"_blank\">Area Tech Coroglio<\/a>\n<ul>\n<li><a href=\"?page_id=103\">Comunicato Stampa<\/a><\/li>\n<\/ul>\n<\/li>\n<li><a style=\"font-weight: bold;\" href=\"http:\/\/www.energymed.it\/\" target=\"_blank\">Energy Med<\/a><\/li>\n<li><a style=\"font-weight: bold;\" href=\"http:\/\/www.net-uno.it\/\" target=\"_blank\">Net-Uno<\/a>\n<ul>\n<li> Sfera3 partecipa al Progetto Net- uno, con altre imprese di Citt\u00e0 della Scienza.Net-uno \u00e8 una info-struttura per la gestione dei porti turistici.Qui  \u00e8 disponibile la brochure dell&#8217;iniziativa<\/li>\n<li><a href=\"Net-uno.pdf\">Download Brochure<\/a><\/li>\n<\/ul>\n<\/li>\n<li><a style=\"font-weight: bold;\" href=\"http:\/\/www.mannaggiament.com\/\" target=\"_blank\">Project Mannaggiament<\/a><\/li>\n<\/ul>\n<\/div>\n<\/div>\n<\/div>\n","protected":false},"excerpt":{"rendered":"<p>Profilo Sfera3 s.r.l. \u00e8 una societ\u00e0 di consulenza organizzativa e formazione manageriale. Fornisce soluzioni di innovazione tecnologica, razionalizzazione delle risorse ed adeguamento normativo, qualit\u00e0 dei servizi e della produzione, sicurezza del lavoro, apprendimento e valutazione delle prestazioni dirigenziali, customer satisfaction e comunicazione. Si rivolge ad Imprese, Enti e Pubbliche Amministrazioni. Soci Mariella Leonardo E\u2019 partner [&hellip;]<\/p>\n","protected":false},"author":1,"featured_media":0,"parent":0,"menu_order":0,"comment_status":"closed","ping_status":"closed","template":"","meta":{"footnotes":""},"class_list":["post-2","page","type-page","status-publish","hentry"],"_links":{"self":[{"href":"https:\/\/www.sfera3.it\/index.php?rest_route=\/wp\/v2\/pages\/2","targetHints":{"allow":["GET"]}}],"collection":[{"href":"https:\/\/www.sfera3.it\/index.php?rest_route=\/wp\/v2\/pages"}],"about":[{"href":"https:\/\/www.sfera3.it\/index.php?rest_route=\/wp\/v2\/types\/page"}],"author":[{"embeddable":true,"href":"https:\/\/www.sfera3.it\/index.php?rest_route=\/wp\/v2\/users\/1"}],"replies":[{"embeddable":true,"href":"https:\/\/www.sfera3.it\/index.php?rest_route=%2Fwp%2Fv2%2Fcomments&post=2"}],"version-history":[{"count":12,"href":"https:\/\/www.sfera3.it\/index.php?rest_route=\/wp\/v2\/pages\/2\/revisions"}],"predecessor-version":[{"id":433,"href":"https:\/\/www.sfera3.it\/index.php?rest_route=\/wp\/v2\/pages\/2\/revisions\/433"}],"wp:attachment":[{"href":"https:\/\/www.sfera3.it\/index.php?rest_route=%2Fwp%2Fv2%2Fmedia&parent=2"}],"curies":[{"name":"wp","href":"https:\/\/api.w.org\/{rel}","templated":true}]}}